{"id":14,"date":"2023-09-10T18:03:31","date_gmt":"2023-09-10T18:03:31","guid":{"rendered":"https:\/\/panipolonistka.pl\/?page_id=14"},"modified":"2023-09-10T18:18:33","modified_gmt":"2023-09-10T18:18:33","slug":"tendencje-artystyczne-mlodej-polski","status":"publish","type":"page","link":"https:\/\/panipolonistka.pl\/index.php\/materialy-dydaktyczne\/tendencje-artystyczne-mlodej-polski\/","title":{"rendered":"Tendencje artystyczne m\u0142odej Polski"},"content":{"rendered":"\n<p><\/p>\n\n\n\n<h2 class=\"wp-block-heading\"><strong>Dekadentyzm<\/strong><\/h2>\n\n\n\n<figure class=\"wp-block-pullquote has-small-font-size\" style=\"border-style:none;border-width:0px\"><blockquote><p><strong>Nie wierz\u0119 w nic, nie pragn\u0119 niczego na \u015bwiecie,<\/strong><br><strong>Wstr\u0119t mam do wszystkich czyn\u00f3w,<\/strong><br><strong>Drwi\u0119 z wszelkich zapa\u0142\u00f3w.<\/strong><\/p><cite>\u201eNie wierz\u0119 w nic\u201d K. Przerwa \u2013 Tetmajer<\/cite><\/blockquote><\/figure>\n\n\n\n<figure class=\"wp-block-pullquote has-small-font-size\" style=\"border-style:none;border-width:0px;font-style:normal;font-weight:200\"><blockquote><p><strong>Dawniej si\u0119 trzeba by\u0142o zu\u017cy\u0107, prze\u017cy\u0107,<\/strong><br><strong>By przesta\u0107 kocha\u0107, podziwia\u0107 i wierzy\u0107.<\/strong><br><strong>Dzi\u015b \u2013 pierwsze nasze my\u015bli s\u0105 zw\u0105tpieniem,<\/strong><br><strong>Nuda, szyderstwem, wstr\u0119tem i przeczeniem.<\/strong><\/p><cite>\u201eDzi\u015b\u201d K. Przerwa \u2013 Tetmajer<\/cite><\/blockquote><\/figure>\n\n\n\n<h2 class=\"wp-block-heading\"><strong>Sztuka dla sztuki<\/strong><\/h2>\n\n\n\n<figure class=\"wp-block-pullquote\" style=\"border-style:none;border-width:0px\"><blockquote><p><strong>Sztuka nie ma \u017cadnego celu, jest celem sama w sobie, jest absolutem.<\/strong><br><strong>Artysta nie jest s\u0142ug\u0105.<\/strong><br><strong>Artysta stoi ponad z\u017cyciem, ponad \u015bwiatem, jest Panem Pan\u00f3w.<\/strong><\/p><cite>Stanis\u0142aw Przybyszewsk<strong>i<\/strong><\/cite><\/blockquote><\/figure>\n\n\n\n<h2 class=\"wp-block-heading\"><strong>Konflikt filister i artysta<\/strong><\/h2>\n\n\n\n<figure class=\"wp-block-pullquote\" style=\"border-style:none;border-width:0px\"><blockquote><p><strong>Eviva l\u2019 arte! Niechaj pasie brzuchy<\/strong><br><strong>N\u0119dzny filistr\u00f3w nar\u00f3d! My arty\u015bci<\/strong><br><strong>My, kt\u00f3rym cz\u0119sto na chleb braknie suchy (\u2026)<\/strong><br><strong>I tak wykrzykniem: gdy wszystko nic warte,<\/strong><br><strong>Eviva l\u2019arte!<\/strong><\/p><cite>\u201eEviva l\u2019 arte\u201d K. Przerwa &#8211; Tetmajer<\/cite><\/blockquote><\/figure>\n\n\n\n<p><\/p>\n\n\n\n<p><\/p>\n","protected":false},"excerpt":{"rendered":"<p>Dekadentyzm Nie wierz\u0119 w nic, nie pragn\u0119 niczego na \u015bwiecie,Wstr\u0119t mam do wszystkich czyn\u00f3w,Drwi\u0119 z wszelkich zapa\u0142\u00f3w. \u201eNie wierz\u0119 w nic\u201d K. Przerwa \u2013 Tetmajer Dawniej si\u0119 trzeba by\u0142o zu\u017cy\u0107,&hellip;<\/p>\n","protected":false},"author":1,"featured_media":0,"parent":6,"menu_order":0,"comment_status":"closed","ping_status":"closed","template":"","meta":{"footnotes":""},"class_list":["post-14","page","type-page","status-publish","hentry"],"_links":{"self":[{"href":"https:\/\/panipolonistka.pl\/index.php\/wp-json\/wp\/v2\/pages\/14","targetHints":{"allow":["GET"]}}],"collection":[{"href":"https:\/\/panipolonistka.pl\/index.php\/wp-json\/wp\/v2\/pages"}],"about":[{"href":"https:\/\/panipolonistka.pl\/index.php\/wp-json\/wp\/v2\/types\/page"}],"author":[{"embeddable":true,"href":"https:\/\/panipolonistka.pl\/index.php\/wp-json\/wp\/v2\/users\/1"}],"replies":[{"embeddable":true,"href":"https:\/\/panipolonistka.pl\/index.php\/wp-json\/wp\/v2\/comments?post=14"}],"version-history":[{"count":4,"href":"https:\/\/panipolonistka.pl\/index.php\/wp-json\/wp\/v2\/pages\/14\/revisions"}],"predecessor-version":[{"id":20,"href":"https:\/\/panipolonistka.pl\/index.php\/wp-json\/wp\/v2\/pages\/14\/revisions\/20"}],"up":[{"embeddable":true,"href":"https:\/\/panipolonistka.pl\/index.php\/wp-json\/wp\/v2\/pages\/6"}],"wp:attachment":[{"href":"https:\/\/panipolonistka.pl\/index.php\/wp-json\/wp\/v2\/media?parent=14"}],"curies":[{"name":"wp","href":"https:\/\/api.w.org\/{rel}","templated":true}]}}